{"id":10,"date":"2024-05-25T10:02:44","date_gmt":"2024-05-25T10:02:44","guid":{"rendered":"https:\/\/driver-reservation.com\/?page_id=10"},"modified":"2024-06-17T07:40:54","modified_gmt":"2024-06-17T07:40:54","slug":"accueil","status":"publish","type":"page","link":"https:\/\/driver-reservation.com\/en\/","title":{"rendered":"Home"},"content":{"rendered":"<div data-elementor-type=\"wp-page\" data-elementor-id=\"10\" class=\"elementor elementor-10\" data-elementor-post-type=\"page\">\n\t\t\t\t<div class=\"elementor-element elementor-element-ff0ad15 e-flex e-con-boxed e-con e-parent\" data-id=\"ff0ad15\" data-element_type=\"container\" data-settings=\"{&quot;background_background&quot;:&quot;classic&quot;}\">\n\t\t\t\t\t<div class=\"e-con-inner\">\n\t\t<div class=\"elementor-element elementor-element-fb20e82 e-flex e-con-boxed e-con e-child\" data-id=\"fb20e82\" data-element_type=\"container\">\n\t\t\t\t\t<div class=\"e-con-inner\">\n\t\t\t\t\t<\/div>\n\t\t\t\t<\/div>\n\t\t\t\t<div class=\"elementor-element elementor-element-045b56e elementor-widget elementor-widget-heading\" data-id=\"045b56e\" data-element_type=\"widget\" data-widget_type=\"heading.default\">\n\t\t\t\t<div class=\"elementor-widget-container\">\n\t\t\t<style>\/*! elementor - v3.21.0 - 26-05-2024 *\/\n.elementor-heading-title{padding:0;margin:0;line-height:1}.elementor-widget-heading .elementor-heading-title[class*=elementor-size-]>a{color:inherit;font-size:inherit;line-height:inherit}.elementor-widget-heading .elementor-heading-title.elementor-size-small{font-size:15px}.elementor-widget-heading .elementor-heading-title.elementor-size-medium{font-size:19px}.elementor-widget-heading .elementor-heading-title.elementor-size-large{font-size:29px}.elementor-widget-heading .elementor-heading-title.elementor-size-xl{font-size:39px}.elementor-widget-heading .elementor-heading-title.elementor-size-xxl{font-size:59px}<\/style><h2 class=\"elementor-heading-title elementor-size-default\">Book your driver in Paris<\/h2>\t\t<\/div>\n\t\t\t\t<\/div>\n\t\t<div class=\"elementor-element elementor-element-7ca9c49 e-flex e-con-boxed e-con e-child\" data-id=\"7ca9c49\" data-element_type=\"container\">\n\t\t\t\t\t<div class=\"e-con-inner\">\n\t\t\t\t\t<\/div>\n\t\t\t\t<\/div>\n\t\t\t\t\t<\/div>\n\t\t\t\t<\/div>\n\t\t<div class=\"elementor-element elementor-element-5f62e61 e-flex e-con-boxed e-con e-parent\" data-id=\"5f62e61\" data-element_type=\"container\">\n\t\t\t\t\t<div class=\"e-con-inner\">\n\t\t\t\t<div class=\"elementor-element elementor-element-3a504f9 elementor-widget elementor-widget-spacer\" data-id=\"3a504f9\" data-element_type=\"widget\" data-widget_type=\"spacer.default\">\n\t\t\t\t<div class=\"elementor-widget-container\">\n\t\t\t<style>\/*! elementor - v3.21.0 - 26-05-2024 *\/\n.elementor-column .elementor-spacer-inner{height:var(--spacer-size)}.e-con{--container-widget-width:100%}.e-con-inner>.elementor-widget-spacer,.e-con>.elementor-widget-spacer{width:var(--container-widget-width,var(--spacer-size));--align-self:var(--container-widget-align-self,initial);--flex-shrink:0}.e-con-inner>.elementor-widget-spacer>.elementor-widget-container,.e-con>.elementor-widget-spacer>.elementor-widget-container{height:100%;width:100%}.e-con-inner>.elementor-widget-spacer>.elementor-widget-container>.elementor-spacer,.e-con>.elementor-widget-spacer>.elementor-widget-container>.elementor-spacer{height:100%}.e-con-inner>.elementor-widget-spacer>.elementor-widget-container>.elementor-spacer>.elementor-spacer-inner,.e-con>.elementor-widget-spacer>.elementor-widget-container>.elementor-spacer>.elementor-spacer-inner{height:var(--container-widget-height,var(--spacer-size))}.e-con-inner>.elementor-widget-spacer.elementor-widget-empty,.e-con>.elementor-widget-spacer.elementor-widget-empty{position:relative;min-height:22px;min-width:22px}.e-con-inner>.elementor-widget-spacer.elementor-widget-empty .elementor-widget-empty-icon,.e-con>.elementor-widget-spacer.elementor-widget-empty .elementor-widget-empty-icon{position:absolute;top:0;bottom:0;left:0;right:0;margin:auto;padding:0;width:22px;height:22px}<\/style>\t\t<div class=\"elementor-spacer\">\n\t\t\t<div class=\"elementor-spacer-inner\"><\/div>\n\t\t<\/div>\n\t\t\t\t<\/div>\n\t\t\t\t<\/div>\n\t\t\t\t\t<\/div>\n\t\t\t\t<\/div>\n\t\t<div class=\"elementor-element elementor-element-a27754d e-con-full e-flex e-con e-parent\" data-id=\"a27754d\" data-element_type=\"container\">\n\t\t<div class=\"elementor-element elementor-element-fe3f6b7 e-con-full e-flex e-con e-child\" data-id=\"fe3f6b7\" data-element_type=\"container\">\n\t\t\t\t<\/div>\n\t\t<div class=\"elementor-element elementor-element-91892d9 e-con-full e-flex e-con e-child\" data-id=\"91892d9\" data-element_type=\"container\">\n\t\t\t\t<div class=\"elementor-element elementor-element-600c792 elementor-widget elementor-widget-heading\" data-id=\"600c792\" data-element_type=\"widget\" data-widget_type=\"heading.default\">\n\t\t\t\t<div class=\"elementor-widget-container\">\n\t\t\t<h2 class=\"elementor-heading-title elementor-size-default\">Who are we ?<\/h2>\t\t<\/div>\n\t\t\t\t<\/div>\n\t\t\t\t<div class=\"elementor-element elementor-element-3212b8c elementor-widget-divider--view-line elementor-widget elementor-widget-divider\" data-id=\"3212b8c\" data-element_type=\"widget\" data-widget_type=\"divider.default\">\n\t\t\t\t<div class=\"elementor-widget-container\">\n\t\t\t<style>\/*! elementor - v3.21.0 - 26-05-2024 *\/\n.elementor-widget-divider{--divider-border-style:none;--divider-border-width:1px;--divider-color:#0c0d0e;--divider-icon-size:20px;--divider-element-spacing:10px;--divider-pattern-height:24px;--divider-pattern-size:20px;--divider-pattern-url:none;--divider-pattern-repeat:repeat-x}.elementor-widget-divider .elementor-divider{display:flex}.elementor-widget-divider .elementor-divider__text{font-size:15px;line-height:1;max-width:95%}.elementor-widget-divider .elementor-divider__element{margin:0 var(--divider-element-spacing);flex-shrink:0}.elementor-widget-divider .elementor-icon{font-size:var(--divider-icon-size)}.elementor-widget-divider .elementor-divider-separator{display:flex;margin:0;direction:ltr}.elementor-widget-divider--view-line_icon .elementor-divider-separator,.elementor-widget-divider--view-line_text .elementor-divider-separator{align-items:center}.elementor-widget-divider--view-line_icon .elementor-divider-separator:after,.elementor-widget-divider--view-line_icon .elementor-divider-separator:before,.elementor-widget-divider--view-line_text .elementor-divider-separator:after,.elementor-widget-divider--view-line_text .elementor-divider-separator:before{display:block;content:\"\";border-block-end:0;flex-grow:1;border-block-start:var(--divider-border-width) var(--divider-border-style) var(--divider-color)}.elementor-widget-divider--element-align-left .elementor-divider .elementor-divider-separator>.elementor-divider__svg:first-of-type{flex-grow:0;flex-shrink:100}.elementor-widget-divider--element-align-left .elementor-divider-separator:before{content:none}.elementor-widget-divider--element-align-left .elementor-divider__element{margin-left:0}.elementor-widget-divider--element-align-right .elementor-divider .elementor-divider-separator>.elementor-divider__svg:last-of-type{flex-grow:0;flex-shrink:100}.elementor-widget-divider--element-align-right .elementor-divider-separator:after{content:none}.elementor-widget-divider--element-align-right .elementor-divider__element{margin-right:0}.elementor-widget-divider--element-align-start .elementor-divider .elementor-divider-separator>.elementor-divider__svg:first-of-type{flex-grow:0;flex-shrink:100}.elementor-widget-divider--element-align-start .elementor-divider-separator:before{content:none}.elementor-widget-divider--element-align-start .elementor-divider__element{margin-inline-start:0}.elementor-widget-divider--element-align-end .elementor-divider .elementor-divider-separator>.elementor-divider__svg:last-of-type{flex-grow:0;flex-shrink:100}.elementor-widget-divider--element-align-end .elementor-divider-separator:after{content:none}.elementor-widget-divider--element-align-end .elementor-divider__element{margin-inline-end:0}.elementor-widget-divider:not(.elementor-widget-divider--view-line_text):not(.elementor-widget-divider--view-line_icon) .elementor-divider-separator{border-block-start:var(--divider-border-width) var(--divider-border-style) var(--divider-color)}.elementor-widget-divider--separator-type-pattern{--divider-border-style:none}.elementor-widget-divider--separator-type-pattern.elementor-widget-divider--view-line .elementor-divider-separator,.elementor-widget-divider--separator-type-pattern:not(.elementor-widget-divider--view-line) .elementor-divider-separator:after,.elementor-widget-divider--separator-type-pattern:not(.elementor-widget-divider--view-line) .elementor-divider-separator:before,.elementor-widget-divider--separator-type-pattern:not([class*=elementor-widget-divider--view]) .elementor-divider-separator{width:100%;min-height:var(--divider-pattern-height);-webkit-mask-size:var(--divider-pattern-size) 100%;mask-size:var(--divider-pattern-size) 100%;-webkit-mask-repeat:var(--divider-pattern-repeat);mask-repeat:var(--divider-pattern-repeat);background-color:var(--divider-color);-webkit-mask-image:var(--divider-pattern-url);mask-image:var(--divider-pattern-url)}.elementor-widget-divider--no-spacing{--divider-pattern-size:auto}.elementor-widget-divider--bg-round{--divider-pattern-repeat:round}.rtl .elementor-widget-divider .elementor-divider__text{direction:rtl}.e-con-inner>.elementor-widget-divider,.e-con>.elementor-widget-divider{width:var(--container-widget-width,100%);--flex-grow:var(--container-widget-flex-grow)}<\/style>\t\t<div class=\"elementor-divider\">\n\t\t\t<span class=\"elementor-divider-separator\">\n\t\t\t\t\t\t<\/span>\n\t\t<\/div>\n\t\t\t\t<\/div>\n\t\t\t\t<\/div>\n\t\t\t\t<\/div>\n\t\t\t\t<\/div>\n\t\t<div class=\"elementor-element elementor-element-48dd389 e-con-full e-flex e-con e-parent\" data-id=\"48dd389\" data-element_type=\"container\">\n\t\t<div class=\"elementor-element elementor-element-c989418 e-con-full e-flex e-con e-child\" data-id=\"c989418\" data-element_type=\"container\">\n\t\t\t\t<div class=\"elementor-element elementor-element-2a3162f elementor-widget elementor-widget-image\" data-id=\"2a3162f\" data-element_type=\"widget\" data-widget_type=\"image.default\">\n\t\t\t\t<div class=\"elementor-widget-container\">\n\t\t\t<style>\/*! elementor - v3.21.0 - 26-05-2024 *\/\n.elementor-widget-image{text-align:center}.elementor-widget-image a{display:inline-block}.elementor-widget-image a img[src$=\".svg\"]{width:48px}.elementor-widget-image img{vertical-align:middle;display:inline-block}<\/style>\t\t\t\t\t\t\t\t\t\t<img fetchpriority=\"high\" decoding=\"async\" width=\"800\" height=\"346\" src=\"https:\/\/driver-reservation.com\/wp-content\/uploads\/2024\/06\/avionvan3.jpg\" class=\"attachment-large size-large wp-image-565\" alt=\"\" srcset=\"https:\/\/driver-reservation.com\/wp-content\/uploads\/2024\/06\/avionvan3.jpg 800w, https:\/\/driver-reservation.com\/wp-content\/uploads\/2024\/06\/avionvan3-300x130.jpg 300w, https:\/\/driver-reservation.com\/wp-content\/uploads\/2024\/06\/avionvan3-768x332.jpg 768w, https:\/\/driver-reservation.com\/wp-content\/uploads\/2024\/06\/avionvan3-18x8.jpg 18w\" sizes=\"(max-width: 800px) 100vw, 800px\" \/>\t\t\t\t\t\t\t\t\t\t\t\t\t<\/div>\n\t\t\t\t<\/div>\n\t\t\t\t<\/div>\n\t\t<div class=\"elementor-element elementor-element-2764b14 e-con-full e-flex e-con e-child\" data-id=\"2764b14\" data-element_type=\"container\">\n\t\t\t\t<div class=\"elementor-element elementor-element-8dd3cc8 elementor-widget__width-initial elementor-widget elementor-widget-text-editor\" data-id=\"8dd3cc8\" data-element_type=\"widget\" data-widget_type=\"text-editor.default\">\n\t\t\t\t<div class=\"elementor-widget-container\">\n\t\t\t<style>\/*! elementor - v3.21.0 - 26-05-2024 *\/\n.elementor-widget-text-editor.elementor-drop-cap-view-stacked .elementor-drop-cap{background-color:#69727d;color:#fff}.elementor-widget-text-editor.elementor-drop-cap-view-framed .elementor-drop-cap{color:#69727d;border:3px solid;background-color:transparent}.elementor-widget-text-editor:not(.elementor-drop-cap-view-default) .elementor-drop-cap{margin-top:8px}.elementor-widget-text-editor:not(.elementor-drop-cap-view-default) .elementor-drop-cap-letter{width:1em;height:1em}.elementor-widget-text-editor .elementor-drop-cap{float:left;text-align:center;line-height:1;font-size:50px}.elementor-widget-text-editor .elementor-drop-cap-letter{display:inline-block}<\/style>\t\t\t\t<p>We are a company of <strong>private drivers<\/strong>offering our professional services for over 10 years. With our expertise and commitment to excellence, we are your trusted companion for everyone <strong>your travels<\/strong>.<\/p>\t\t\t\t\t\t<\/div>\n\t\t\t\t<\/div>\n\t\t\t\t<div class=\"elementor-element elementor-element-c7f9ce5 elementor-widget__width-initial elementor-widget elementor-widget-text-editor\" data-id=\"c7f9ce5\" data-element_type=\"widget\" data-widget_type=\"text-editor.default\">\n\t\t\t\t<div class=\"elementor-widget-container\">\n\t\t\t\t\t\t\t<p>Whether for travel <strong>professionals<\/strong>, special evenings or transfers to airports, we are here to offer you a<strong> quality service, safe and comfortable.<\/strong>.<\/p>\t\t\t\t\t\t<\/div>\n\t\t\t\t<\/div>\n\t\t\t\t<div class=\"elementor-element elementor-element-43be02a elementor-widget__width-initial elementor-widget elementor-widget-text-editor\" data-id=\"43be02a\" data-element_type=\"widget\" data-widget_type=\"text-editor.default\">\n\t\t\t\t<div class=\"elementor-widget-container\">\n\t\t\t\t\t\t\t<p>With us, your satisfaction is <strong>our priority<\/strong>, and we are committed to driving you to your destination with professionalism and courtesy<\/p>\t\t\t\t\t\t<\/div>\n\t\t\t\t<\/div>\n\t\t\t\t<\/div>\n\t\t\t\t<\/div>\n\t\t<div class=\"elementor-element elementor-element-d4b64f4 e-flex e-con-boxed e-con e-parent\" data-id=\"d4b64f4\" data-element_type=\"container\">\n\t\t\t\t\t<div class=\"e-con-inner\">\n\t\t\t\t<div class=\"elementor-element elementor-element-56d0830 elementor-widget elementor-widget-spacer\" data-id=\"56d0830\" data-element_type=\"widget\" data-widget_type=\"spacer.default\">\n\t\t\t\t<div class=\"elementor-widget-container\">\n\t\t\t\t\t<div class=\"elementor-spacer\">\n\t\t\t<div class=\"elementor-spacer-inner\"><\/div>\n\t\t<\/div>\n\t\t\t\t<\/div>\n\t\t\t\t<\/div>\n\t\t\t\t\t<\/div>\n\t\t\t\t<\/div>\n\t\t<div class=\"elementor-element elementor-element-031b49d e-flex e-con-boxed e-con e-parent\" data-id=\"031b49d\" data-element_type=\"container\">\n\t\t\t\t\t<div class=\"e-con-inner\">\n\t\t\t\t<div class=\"elementor-element elementor-element-e50bd03 elementor-widget elementor-widget-heading\" data-id=\"e50bd03\" data-element_type=\"widget\" data-widget_type=\"heading.default\">\n\t\t\t\t<div class=\"elementor-widget-container\">\n\t\t\t<h2 class=\"elementor-heading-title elementor-size-default\"><h2 class=\"elementor-heading-title elementor-size-default elementor-inline-editing pen\" data-elementor-setting-key=\"title\" data-pen-placeholder=\"\u00c9crivez ici...\" style=\"font-family: var( --e-global-typography-primary-font-family ), Sans-serif; font-weight: var( --e-global-typography-primary-font-weight ); font-size: var( --e-global-typography-primary-font-size );\">Would you like an estimation ?<\/h2><\/h2>\t\t<\/div>\n\t\t\t\t<\/div>\n\t\t\t\t\t<\/div>\n\t\t\t\t<\/div>\n\t\t<div class=\"elementor-element elementor-element-2384cfa e-flex e-con-boxed e-con e-parent\" data-id=\"2384cfa\" data-element_type=\"container\">\n\t\t\t\t\t<div class=\"e-con-inner\">\n\t\t<div class=\"elementor-element elementor-element-1d7563c e-con-full e-flex e-con e-child\" data-id=\"1d7563c\" data-element_type=\"container\">\n\t\t\t\t<\/div>\n\t\t<div class=\"elementor-element elementor-element-088c7e6 e-con-full e-flex e-con e-child\" data-id=\"088c7e6\" data-element_type=\"container\">\n\t\t\t\t<div class=\"elementor-element elementor-element-72c35aa elementor-align-center elementor-widget elementor-widget-button\" data-id=\"72c35aa\" data-element_type=\"widget\" data-widget_type=\"button.default\">\n\t\t\t\t<div class=\"elementor-widget-container\">\n\t\t\t\t\t<div class=\"elementor-button-wrapper\">\n\t\t\t<a class=\"elementor-button elementor-button-link elementor-size-sm\" href=\"https:\/\/driver-reservation.com\/en\/reservation\/\">\n\t\t\t\t\t\t<span class=\"elementor-button-content-wrapper\">\n\t\t\t\t\t\t\t\t\t<span class=\"elementor-button-text\">Book<\/span>\n\t\t\t\t\t<\/span>\n\t\t\t\t\t<\/a>\n\t\t<\/div>\n\t\t\t\t<\/div>\n\t\t\t\t<\/div>\n\t\t\t\t<\/div>\n\t\t\t\t\t<\/div>\n\t\t\t\t<\/div>\n\t\t<div class=\"elementor-element elementor-element-50d710c e-flex e-con-boxed e-con e-parent\" data-id=\"50d710c\" data-element_type=\"container\">\n\t\t\t\t\t<div class=\"e-con-inner\">\n\t\t\t\t<div class=\"elementor-element elementor-element-992507c elementor-widget elementor-widget-spacer\" data-id=\"992507c\" data-element_type=\"widget\" data-widget_type=\"spacer.default\">\n\t\t\t\t<div class=\"elementor-widget-container\">\n\t\t\t\t\t<div class=\"elementor-spacer\">\n\t\t\t<div class=\"elementor-spacer-inner\"><\/div>\n\t\t<\/div>\n\t\t\t\t<\/div>\n\t\t\t\t<\/div>\n\t\t\t\t\t<\/div>\n\t\t\t\t<\/div>\n\t\t\t\t<\/div>","protected":false},"excerpt":{"rendered":"<p>R\u00e9servez votre chauffeur VTC en Ile de France Qui sommes nous ? Nous sommes une soci\u00e9t\u00e9 de chauffeurs priv\u00e9s, offrant nos services professionnels depuis plus de 10 ans. Forts de notre expertise et de notre engagement envers l&rsquo;excellence, nous sommes votre compagnon de confiance pour tous vos trajets. Que ce soit pour des d\u00e9placements professionnels, [&hellip;]<\/p>","protected":false},"author":1,"featured_media":0,"parent":0,"menu_order":0,"comment_status":"closed","ping_status":"closed","template":"","meta":{"footnotes":""},"class_list":["post-10","page","type-page","status-publish","hentry"],"yoast_head":"<!-- This site is optimized with the Yoast SEO plugin v22.8 - https:\/\/yoast.com\/wordpress\/plugins\/seo\/ -->\n<title>Accueil - Driver Reservation<\/title>\n<meta name=\"robots\" content=\"index, follow, max-snippet:-1, max-image-preview:large, max-video-preview:-1\" \/>\n<link rel=\"canonical\" href=\"https:\/\/driver-reservation.com\/en\/\" \/>\n<meta property=\"og:locale\" content=\"en_GB\" \/>\n<meta property=\"og:type\" content=\"article\" \/>\n<meta property=\"og:title\" content=\"Accueil - Driver Reservation\" \/>\n<meta property=\"og:description\" content=\"R\u00e9servez votre chauffeur VTC en Ile de France Qui sommes nous ? Nous sommes une soci\u00e9t\u00e9 de chauffeurs priv\u00e9s, offrant nos services professionnels depuis plus de 10 ans. Forts de notre expertise et de notre engagement envers l&rsquo;excellence, nous sommes votre compagnon de confiance pour tous vos trajets. Que ce soit pour des d\u00e9placements professionnels, [&hellip;]\" \/>\n<meta property=\"og:url\" content=\"https:\/\/driver-reservation.com\/en\/\" \/>\n<meta property=\"og:site_name\" content=\"Driver Reservation\" \/>\n<meta property=\"article:modified_time\" content=\"2024-06-17T07:40:54+00:00\" \/>\n<meta property=\"og:image\" content=\"https:\/\/driver-reservation.com\/wp-content\/uploads\/2024\/06\/avionvan3.jpg\" \/>\n<meta name=\"twitter:card\" content=\"summary_large_image\" \/>\n<meta name=\"twitter:label1\" content=\"Estimated reading time\" \/>\n\t<meta name=\"twitter:data1\" content=\"1 minute\" \/>\n<script type=\"application\/ld+json\" class=\"yoast-schema-graph\">{\"@context\":\"https:\/\/schema.org\",\"@graph\":[{\"@type\":\"WebPage\",\"@id\":\"https:\/\/driver-reservation.com\/\",\"url\":\"https:\/\/driver-reservation.com\/\",\"name\":\"Accueil - Driver Reservation\",\"isPartOf\":{\"@id\":\"https:\/\/driver-reservation.com\/#website\"},\"primaryImageOfPage\":{\"@id\":\"https:\/\/driver-reservation.com\/#primaryimage\"},\"image\":{\"@id\":\"https:\/\/driver-reservation.com\/#primaryimage\"},\"thumbnailUrl\":\"https:\/\/driver-reservation.com\/wp-content\/uploads\/2024\/06\/avionvan3.jpg\",\"datePublished\":\"2024-05-25T10:02:44+00:00\",\"dateModified\":\"2024-06-17T07:40:54+00:00\",\"breadcrumb\":{\"@id\":\"https:\/\/driver-reservation.com\/#breadcrumb\"},\"inLanguage\":\"en-GB\",\"potentialAction\":[{\"@type\":\"ReadAction\",\"target\":[\"https:\/\/driver-reservation.com\/\"]}]},{\"@type\":\"ImageObject\",\"inLanguage\":\"en-GB\",\"@id\":\"https:\/\/driver-reservation.com\/#primaryimage\",\"url\":\"https:\/\/driver-reservation.com\/wp-content\/uploads\/2024\/06\/avionvan3.jpg\",\"contentUrl\":\"https:\/\/driver-reservation.com\/wp-content\/uploads\/2024\/06\/avionvan3.jpg\"},{\"@type\":\"BreadcrumbList\",\"@id\":\"https:\/\/driver-reservation.com\/#breadcrumb\",\"itemListElement\":[{\"@type\":\"ListItem\",\"position\":1,\"name\":\"Accueil\",\"item\":\"https:\/\/driver-reservation.com\/\"},{\"@type\":\"ListItem\",\"position\":2,\"name\":\"Accueil\"}]},{\"@type\":\"WebSite\",\"@id\":\"https:\/\/driver-reservation.com\/#website\",\"url\":\"https:\/\/driver-reservation.com\/\",\"name\":\"DRIVER RESERVATION\",\"description\":\"Voyagez tranquillement\",\"publisher\":{\"@id\":\"https:\/\/driver-reservation.com\/#organization\"},\"potentialAction\":[{\"@type\":\"SearchAction\",\"target\":{\"@type\":\"EntryPoint\",\"urlTemplate\":\"https:\/\/driver-reservation.com\/?s={search_term_string}\"},\"query-input\":\"required name=search_term_string\"}],\"inLanguage\":\"en-GB\"},{\"@type\":\"Organization\",\"@id\":\"https:\/\/driver-reservation.com\/#organization\",\"name\":\"DRIVER RESRVATION\",\"url\":\"https:\/\/driver-reservation.com\/\",\"logo\":{\"@type\":\"ImageObject\",\"inLanguage\":\"en-GB\",\"@id\":\"https:\/\/driver-reservation.com\/#\/schema\/logo\/image\/\",\"url\":\"https:\/\/driver-reservation.com\/wp-content\/uploads\/2024\/06\/Fichier-18@4x.png\",\"contentUrl\":\"https:\/\/driver-reservation.com\/wp-content\/uploads\/2024\/06\/Fichier-18@4x.png\",\"width\":1596,\"height\":903,\"caption\":\"DRIVER RESRVATION\"},\"image\":{\"@id\":\"https:\/\/driver-reservation.com\/#\/schema\/logo\/image\/\"}}]}<\/script>\n<!-- \/ Yoast SEO plugin. -->","yoast_head_json":{"title":"Accueil - Driver Reservation","robots":{"index":"index","follow":"follow","max-snippet":"max-snippet:-1","max-image-preview":"max-image-preview:large","max-video-preview":"max-video-preview:-1"},"canonical":"https:\/\/driver-reservation.com\/en\/","og_locale":"en_GB","og_type":"article","og_title":"Accueil - Driver Reservation","og_description":"R\u00e9servez votre chauffeur VTC en Ile de France Qui sommes nous ? Nous sommes une soci\u00e9t\u00e9 de chauffeurs priv\u00e9s, offrant nos services professionnels depuis plus de 10 ans. Forts de notre expertise et de notre engagement envers l&rsquo;excellence, nous sommes votre compagnon de confiance pour tous vos trajets. Que ce soit pour des d\u00e9placements professionnels, [&hellip;]","og_url":"https:\/\/driver-reservation.com\/en\/","og_site_name":"Driver Reservation","article_modified_time":"2024-06-17T07:40:54+00:00","og_image":[{"url":"https:\/\/driver-reservation.com\/wp-content\/uploads\/2024\/06\/avionvan3.jpg"}],"twitter_card":"summary_large_image","twitter_misc":{"Estimated reading time":"1 minute"},"schema":{"@context":"https:\/\/schema.org","@graph":[{"@type":"WebPage","@id":"https:\/\/driver-reservation.com\/","url":"https:\/\/driver-reservation.com\/","name":"Accueil - Driver Reservation","isPartOf":{"@id":"https:\/\/driver-reservation.com\/#website"},"primaryImageOfPage":{"@id":"https:\/\/driver-reservation.com\/#primaryimage"},"image":{"@id":"https:\/\/driver-reservation.com\/#primaryimage"},"thumbnailUrl":"https:\/\/driver-reservation.com\/wp-content\/uploads\/2024\/06\/avionvan3.jpg","datePublished":"2024-05-25T10:02:44+00:00","dateModified":"2024-06-17T07:40:54+00:00","breadcrumb":{"@id":"https:\/\/driver-reservation.com\/#breadcrumb"},"inLanguage":"en-GB","potentialAction":[{"@type":"ReadAction","target":["https:\/\/driver-reservation.com\/"]}]},{"@type":"ImageObject","inLanguage":"en-GB","@id":"https:\/\/driver-reservation.com\/#primaryimage","url":"https:\/\/driver-reservation.com\/wp-content\/uploads\/2024\/06\/avionvan3.jpg","contentUrl":"https:\/\/driver-reservation.com\/wp-content\/uploads\/2024\/06\/avionvan3.jpg"},{"@type":"BreadcrumbList","@id":"https:\/\/driver-reservation.com\/#breadcrumb","itemListElement":[{"@type":"ListItem","position":1,"name":"Accueil","item":"https:\/\/driver-reservation.com\/"},{"@type":"ListItem","position":2,"name":"Accueil"}]},{"@type":"WebSite","@id":"https:\/\/driver-reservation.com\/#website","url":"https:\/\/driver-reservation.com\/","name":"DRIVER RESERVATION","description":"Voyagez tranquillement","publisher":{"@id":"https:\/\/driver-reservation.com\/#organization"},"potentialAction":[{"@type":"SearchAction","target":{"@type":"EntryPoint","urlTemplate":"https:\/\/driver-reservation.com\/?s={search_term_string}"},"query-input":"required name=search_term_string"}],"inLanguage":"en-GB"},{"@type":"Organization","@id":"https:\/\/driver-reservation.com\/#organization","name":"DRIVER RESRVATION","url":"https:\/\/driver-reservation.com\/","logo":{"@type":"ImageObject","inLanguage":"en-GB","@id":"https:\/\/driver-reservation.com\/#\/schema\/logo\/image\/","url":"https:\/\/driver-reservation.com\/wp-content\/uploads\/2024\/06\/Fichier-18@4x.png","contentUrl":"https:\/\/driver-reservation.com\/wp-content\/uploads\/2024\/06\/Fichier-18@4x.png","width":1596,"height":903,"caption":"DRIVER RESRVATION"},"image":{"@id":"https:\/\/driver-reservation.com\/#\/schema\/logo\/image\/"}}]}},"_links":{"self":[{"href":"https:\/\/driver-reservation.com\/en\/wp-json\/wp\/v2\/pages\/10"}],"collection":[{"href":"https:\/\/driver-reservation.com\/en\/wp-json\/wp\/v2\/pages"}],"about":[{"href":"https:\/\/driver-reservation.com\/en\/wp-json\/wp\/v2\/types\/page"}],"author":[{"embeddable":true,"href":"https:\/\/driver-reservation.com\/en\/wp-json\/wp\/v2\/users\/1"}],"replies":[{"embeddable":true,"href":"https:\/\/driver-reservation.com\/en\/wp-json\/wp\/v2\/comments?post=10"}],"version-history":[{"count":85,"href":"https:\/\/driver-reservation.com\/en\/wp-json\/wp\/v2\/pages\/10\/revisions"}],"predecessor-version":[{"id":568,"href":"https:\/\/driver-reservation.com\/en\/wp-json\/wp\/v2\/pages\/10\/revisions\/568"}],"wp:attachment":[{"href":"https:\/\/driver-reservation.com\/en\/wp-json\/wp\/v2\/media?parent=10"}],"curies":[{"name":"wp","href":"https:\/\/api.w.org\/{rel}","templated":true}]}}