{"id":80,"date":"2024-06-01T18:38:31","date_gmt":"2024-06-01T18:38:31","guid":{"rendered":"https:\/\/driver-reservation.com\/?page_id=80"},"modified":"2024-06-04T14:58:35","modified_gmt":"2024-06-04T14:58:35","slug":"mentions-legales","status":"publish","type":"page","link":"https:\/\/driver-reservation.com\/en\/mentions-legales\/","title":{"rendered":"Legal Notice"},"content":{"rendered":"<div data-elementor-type=\"wp-page\" data-elementor-id=\"80\" class=\"elementor elementor-80\" data-elementor-post-type=\"page\">\n\t\t\t\t<div class=\"elementor-element elementor-element-7e841aa e-flex e-con-boxed e-con e-parent\" data-id=\"7e841aa\" data-element_type=\"container\">\n\t\t\t\t\t<div class=\"e-con-inner\">\n\t\t<div class=\"elementor-element elementor-element-1a78c53 e-flex e-con-boxed e-con e-child\" data-id=\"1a78c53\" data-element_type=\"container\">\n\t\t\t\t\t<div class=\"e-con-inner\">\n\t\t\t\t<div class=\"elementor-element elementor-element-0c615fd elementor-widget elementor-widget-text-editor\" data-id=\"0c615fd\" data-element_type=\"widget\" data-widget_type=\"text-editor.default\">\n\t\t\t\t<div class=\"elementor-widget-container\">\n\t\t\t<style>\/*! elementor - v3.21.0 - 26-05-2024 *\/\n.elementor-widget-text-editor.elementor-drop-cap-view-stacked .elementor-drop-cap{background-color:#69727d;color:#fff}.elementor-widget-text-editor.elementor-drop-cap-view-framed .elementor-drop-cap{color:#69727d;border:3px solid;background-color:transparent}.elementor-widget-text-editor:not(.elementor-drop-cap-view-default) .elementor-drop-cap{margin-top:8px}.elementor-widget-text-editor:not(.elementor-drop-cap-view-default) .elementor-drop-cap-letter{width:1em;height:1em}.elementor-widget-text-editor .elementor-drop-cap{float:left;text-align:center;line-height:1;font-size:50px}.elementor-widget-text-editor .elementor-drop-cap-letter{display:inline-block}<\/style>\t\t\t\t<div class=\"avatar-gutter ng-tns-c3567315858-36 ng-star-inserted\"><div class=\"resize-observable\">\u00a0<\/div><\/div><div class=\"cdk-visually-hidden cdk-focus-trap-anchor\" aria-hidden=\"true\"><span style=\"color: inherit; font-family: inherit; font-size: 2rem; text-align: var(--text-align); background-color: var( --e-global-color-primary );\">Mentions l\u00e9gales<\/span><\/div><div class=\"response-container-content ng-tns-c3567315858-36\"><div class=\"response-content ng-tns-c3567315858-36\"><div class=\"markdown markdown-main-panel\" dir=\"ltr\" style=\"--animation-duration: 600ms; --fade-animation-function: linear; --first-token-animation-duration: 600ms;\"><p data-sourcepos=\"3:1-3:20\"><strong>Soci\u00e9t\u00e9 VTC2LUXE<\/strong><\/p><p data-sourcepos=\"5:1-5:44\"><strong>Si\u00e8ge social :<\/strong> [Adresse du si\u00e8ge social]<\/p><p data-sourcepos=\"7:1-7:22\"><strong>RCS :<\/strong> [Num\u00e9ro RCS]<\/p><p data-sourcepos=\"9:1-9:37\"><strong>T\u00e9l\u00e9phone :<\/strong> [Num\u00e9ro de t\u00e9l\u00e9phone]<\/p><p data-sourcepos=\"11:1-11:27\"><strong>Email :<\/strong> [Adresse email]<\/p><p data-sourcepos=\"13:1-13:93\"><strong>Site web :<\/strong> <a class=\"traceable-link\" href=\"https:\/\/en.wikipedia.org\/wiki\/Website\" target=\"_blank\" rel=\"noopener noreferrer\">https:\/\/www.vtc2luxe.com<\/a><\/p><p data-sourcepos=\"15:1-15:47\"><strong>Directeur de la publication :<\/strong> Lo\u00efc Massamba<\/p><p data-sourcepos=\"17:1-17:36\"><strong>H\u00e9bergeur :<\/strong> [Nom de l&rsquo;h\u00e9bergeur]<\/p><p data-sourcepos=\"19:1-19:51\"><strong>Si\u00e8ge de l&rsquo;h\u00e9bergeur :<\/strong> [Adresse de l&rsquo;h\u00e9bergeur]<\/p><p data-sourcepos=\"22:1-22:66\"><strong>1. Informations en mati\u00e8re de collecte de donn\u00e9es personnelles<\/strong><\/p><p data-sourcepos=\"24:1-24:157\">Le site web https:\/\/www.vtc2luxe.com collecte des donn\u00e9es personnelles des internautes qui l&rsquo;utilisent.<\/p><p data-sourcepos=\"26:1-26:42\"><strong>1.1. Collecte des donn\u00e9es personnelles<\/strong><\/p><p data-sourcepos=\"28:1-28:151\">Les donn\u00e9es personnelles collect\u00e9es sur le site web https:\/\/www.vtc2luxe.com\u00a0sont les suivantes :<\/p><ul data-sourcepos=\"30:1-33:0\"><li data-sourcepos=\"30:1-30:81\"><strong>Donn\u00e9es d&rsquo;identification :<\/strong> nom, pr\u00e9nom, adresse email, num\u00e9ro de t\u00e9l\u00e9phone.<\/li><li data-sourcepos=\"31:1-31:68\"><strong>Donn\u00e9es de connexion :<\/strong> adresse IP, date et heure de connexion.<\/li><li data-sourcepos=\"32:1-33:0\"><strong>Donn\u00e9es de navigation :<\/strong> pages consult\u00e9es, liens cliqu\u00e9s, recherches effectu\u00e9es.<\/li><\/ul><p data-sourcepos=\"34:1-34:57\"><strong>1.2. Finalit\u00e9 de la collecte des donn\u00e9es personnelles<\/strong><\/p><p data-sourcepos=\"36:1-36:176\">Les donn\u00e9es personnelles collect\u00e9es sur le site web https:\/\/www.vtc2luxe.com\u00a0sont utilis\u00e9es pour les finalit\u00e9s suivantes :<\/p><ul data-sourcepos=\"38:1-41:0\"><li data-sourcepos=\"38:1-38:98\"><strong>Gestion des R\u00e9servations :<\/strong> pour permettre au Client de r\u00e9server un service de transport VTC.<\/li><li data-sourcepos=\"39:1-39:66\"><strong>Contact :<\/strong> pour r\u00e9pondre aux demandes de contact des Clients.<\/li><li data-sourcepos=\"40:1-41:0\"><strong>\u00c9tablissement de statistiques :<\/strong> pour analyser le trafic du site web et am\u00e9liorer les services propos\u00e9s.<\/li><\/ul><p data-sourcepos=\"42:1-42:47\"><strong>1.3. Destinataires des donn\u00e9es personnelles<\/strong><\/p><p data-sourcepos=\"44:1-44:175\">Les donn\u00e9es personnelles collect\u00e9es sur le site web https:\/\/www.vtc2luxe.com\u00a0sont transmises aux destinataires suivants :<\/p><ul data-sourcepos=\"46:1-48:0\"><li data-sourcepos=\"46:1-46:64\"><strong>Le Prestataire :<\/strong> pour les finalit\u00e9s mentionn\u00e9es ci-dessus.<\/li><li data-sourcepos=\"47:1-48:0\"><strong>Les sous-traitants du Prestataire :<\/strong> pour les finalit\u00e9s mentionn\u00e9es ci-dessus.<\/li><\/ul><p data-sourcepos=\"49:1-49:55\"><strong>1.4. Dur\u00e9e de conservation des donn\u00e9es personnelles<\/strong><\/p><p data-sourcepos=\"51:1-51:240\">Les donn\u00e9es personnelles collect\u00e9es sur le site web https:\/\/www.vtc2luxe.com\u00a0sont conserv\u00e9es pendant une dur\u00e9e de 3 ans \u00e0 compter de la derni\u00e8re utilisation du site web par l&rsquo;internaute.<\/p><p data-sourcepos=\"53:1-53:31\"><strong>1.5. Droits des internautes<\/strong><\/p><p data-sourcepos=\"55:1-55:82\">Les internautes disposent des droits suivants en mati\u00e8re de donn\u00e9es personnelles :<\/p><ul data-sourcepos=\"57:1-63:0\"><li data-sourcepos=\"57:1-57:143\"><strong>Droit d&rsquo;acc\u00e8s :<\/strong> l&rsquo;internaute a le droit de demander au Prestataire de lui communiquer les donn\u00e9es personnelles qu&rsquo;il d\u00e9tient \u00e0 son sujet.<\/li><li data-sourcepos=\"58:1-58:143\"><strong>Droit de rectification :<\/strong> l&rsquo;internaute a le droit de demander au Prestataire de rectifier les donn\u00e9es personnelles erron\u00e9es le concernant.<\/li><li data-sourcepos=\"59:1-59:125\"><strong>Droit d&rsquo;opposition :<\/strong> l&rsquo;internaute a le droit de s&rsquo;opposer au traitement de ses donn\u00e9es personnelles par le Prestataire.<\/li><li data-sourcepos=\"60:1-60:115\"><strong>Droit \u00e0 l&rsquo;effacement :<\/strong> l&rsquo;internaute a le droit de demander au Prestataire d&rsquo;effacer ses donn\u00e9es personnelles.<\/li><li data-sourcepos=\"61:1-61:148\"><strong>Droit \u00e0 la limitation du traitement :<\/strong> l&rsquo;internaute a le droit de demander au Prestataire de limiter le traitement de ses donn\u00e9es personnelles.<\/li><li data-sourcepos=\"62:1-63:0\"><strong>Droit \u00e0 la portabilit\u00e9 des donn\u00e9es :<\/strong> l&rsquo;internaute a le droit de recevoir ses donn\u00e9es personnelles <span class=\"citation-0 citation-end-0\">dans un format structur\u00e9, couramment utilis\u00e9 et lisible par machine, et de les transmettre \u00e0 un autre responsable du traitement.<\/span><\/li><\/ul><p data-sourcepos=\"64:1-64:106\">Pour exercer ses droits, l&rsquo;internaute peut contacter le Prestataire par email \u00e0 l&rsquo;adresse [Adresse email].<\/p><p data-sourcepos=\"66:1-66:14\"><strong>2. Cookies<\/strong><\/p><p data-sourcepos=\"68:1-68:324\">Le site web https:\/\/www.vtc2luxe.com\u00a0utilise des cookies. Un cookie est un fichier informatique stock\u00e9 sur l&rsquo;ordinateur de l&rsquo;internaute lors de sa navigation sur un site web. Les cookies permettent au site web de reconna\u00eetre l&rsquo;internaute lors de ses visites ult\u00e9rieures.<\/p><p data-sourcepos=\"70:1-70:109\">L&rsquo;internaute peut accepter ou refuser l&rsquo;utilisation de cookies en modifiant les param\u00e8tres de son navigateur.<\/p><p data-sourcepos=\"72:1-72:24\"><strong>3. Liens hypertextes<\/strong><\/p><p data-sourcepos=\"74:1-74:204\">Le site web https:\/\/www.vtc2luxe.com \u00a0contient des liens hypertextes vers d&rsquo;autres sites web. Le Prestataire n&rsquo;est pas responsable du contenu des sites<\/p><\/div><\/div><\/div>\t\t\t\t\t\t<\/div>\n\t\t\t\t<\/div>\n\t\t\t\t\t<\/div>\n\t\t\t\t<\/div>\n\t\t\t\t\t<\/div>\n\t\t\t\t<\/div>\n\t\t\t\t<\/div>","protected":false},"excerpt":{"rendered":"<p>\u00a0Mentions l\u00e9gales Soci\u00e9t\u00e9 VTC2LUXE Si\u00e8ge social : [Adresse du si\u00e8ge social] RCS : [Num\u00e9ro RCS] T\u00e9l\u00e9phone : [Num\u00e9ro de t\u00e9l\u00e9phone] Email : [Adresse email] Site web : https:\/\/www.vtc2luxe.com Directeur de la publication : Lo\u00efc Massamba H\u00e9bergeur : [Nom de l&rsquo;h\u00e9bergeur] Si\u00e8ge de l&rsquo;h\u00e9bergeur : [Adresse de l&rsquo;h\u00e9bergeur] 1. Informations en mati\u00e8re de collecte de donn\u00e9es [&hellip;]<\/p>","protected":false},"author":1,"featured_media":0,"parent":0,"menu_order":0,"comment_status":"closed","ping_status":"closed","template":"","meta":{"footnotes":""},"class_list":["post-80","page","type-page","status-publish","hentry"],"yoast_head":"<!-- This site is optimized with the Yoast SEO plugin v22.8 - https:\/\/yoast.com\/wordpress\/plugins\/seo\/ -->\n<title>Mentions L\u00e9gales - Driver Reservation<\/title>\n<meta name=\"robots\" content=\"index, follow, max-snippet:-1, max-image-preview:large, max-video-preview:-1\" \/>\n<link rel=\"canonical\" href=\"https:\/\/driver-reservation.com\/en\/mentions-legales\/\" \/>\n<meta property=\"og:locale\" content=\"en_GB\" \/>\n<meta property=\"og:type\" content=\"article\" \/>\n<meta property=\"og:title\" content=\"Mentions L\u00e9gales - Driver Reservation\" \/>\n<meta property=\"og:description\" content=\"\u00a0Mentions l\u00e9gales Soci\u00e9t\u00e9 VTC2LUXE Si\u00e8ge social : [Adresse du si\u00e8ge social] RCS : [Num\u00e9ro RCS] T\u00e9l\u00e9phone : [Num\u00e9ro de t\u00e9l\u00e9phone] Email : [Adresse email] Site web : https:\/\/www.vtc2luxe.com Directeur de la publication : Lo\u00efc Massamba H\u00e9bergeur : [Nom de l&rsquo;h\u00e9bergeur] Si\u00e8ge de l&rsquo;h\u00e9bergeur : [Adresse de l&rsquo;h\u00e9bergeur] 1. Informations en mati\u00e8re de collecte de donn\u00e9es [&hellip;]\" \/>\n<meta property=\"og:url\" content=\"https:\/\/driver-reservation.com\/en\/mentions-legales\/\" \/>\n<meta property=\"og:site_name\" content=\"Driver Reservation\" \/>\n<meta property=\"article:modified_time\" content=\"2024-06-04T14:58:35+00:00\" \/>\n<meta name=\"twitter:card\" content=\"summary_large_image\" \/>\n<meta name=\"twitter:label1\" content=\"Estimated reading time\" \/>\n\t<meta name=\"twitter:data1\" content=\"3 minutes\" \/>\n<script type=\"application\/ld+json\" class=\"yoast-schema-graph\">{\"@context\":\"https:\/\/schema.org\",\"@graph\":[{\"@type\":\"WebPage\",\"@id\":\"https:\/\/driver-reservation.com\/mentions-legales\/\",\"url\":\"https:\/\/driver-reservation.com\/mentions-legales\/\",\"name\":\"Mentions L\u00e9gales - Driver Reservation\",\"isPartOf\":{\"@id\":\"https:\/\/driver-reservation.com\/#website\"},\"datePublished\":\"2024-06-01T18:38:31+00:00\",\"dateModified\":\"2024-06-04T14:58:35+00:00\",\"breadcrumb\":{\"@id\":\"https:\/\/driver-reservation.com\/mentions-legales\/#breadcrumb\"},\"inLanguage\":\"en-GB\",\"potentialAction\":[{\"@type\":\"ReadAction\",\"target\":[\"https:\/\/driver-reservation.com\/mentions-legales\/\"]}]},{\"@type\":\"BreadcrumbList\",\"@id\":\"https:\/\/driver-reservation.com\/mentions-legales\/#breadcrumb\",\"itemListElement\":[{\"@type\":\"ListItem\",\"position\":1,\"name\":\"Accueil\",\"item\":\"https:\/\/driver-reservation.com\/\"},{\"@type\":\"ListItem\",\"position\":2,\"name\":\"Mentions L\u00e9gales\"}]},{\"@type\":\"WebSite\",\"@id\":\"https:\/\/driver-reservation.com\/#website\",\"url\":\"https:\/\/driver-reservation.com\/\",\"name\":\"DRIVER RESERVATION\",\"description\":\"Voyagez tranquillement\",\"publisher\":{\"@id\":\"https:\/\/driver-reservation.com\/#organization\"},\"potentialAction\":[{\"@type\":\"SearchAction\",\"target\":{\"@type\":\"EntryPoint\",\"urlTemplate\":\"https:\/\/driver-reservation.com\/?s={search_term_string}\"},\"query-input\":\"required name=search_term_string\"}],\"inLanguage\":\"en-GB\"},{\"@type\":\"Organization\",\"@id\":\"https:\/\/driver-reservation.com\/#organization\",\"name\":\"DRIVER RESRVATION\",\"url\":\"https:\/\/driver-reservation.com\/\",\"logo\":{\"@type\":\"ImageObject\",\"inLanguage\":\"en-GB\",\"@id\":\"https:\/\/driver-reservation.com\/#\/schema\/logo\/image\/\",\"url\":\"https:\/\/driver-reservation.com\/wp-content\/uploads\/2024\/06\/Fichier-18@4x.png\",\"contentUrl\":\"https:\/\/driver-reservation.com\/wp-content\/uploads\/2024\/06\/Fichier-18@4x.png\",\"width\":1596,\"height\":903,\"caption\":\"DRIVER RESRVATION\"},\"image\":{\"@id\":\"https:\/\/driver-reservation.com\/#\/schema\/logo\/image\/\"}}]}<\/script>\n<!-- \/ Yoast SEO plugin. -->","yoast_head_json":{"title":"Mentions L\u00e9gales - Driver Reservation","robots":{"index":"index","follow":"follow","max-snippet":"max-snippet:-1","max-image-preview":"max-image-preview:large","max-video-preview":"max-video-preview:-1"},"canonical":"https:\/\/driver-reservation.com\/en\/mentions-legales\/","og_locale":"en_GB","og_type":"article","og_title":"Mentions L\u00e9gales - Driver Reservation","og_description":"\u00a0Mentions l\u00e9gales Soci\u00e9t\u00e9 VTC2LUXE Si\u00e8ge social : [Adresse du si\u00e8ge social] RCS : [Num\u00e9ro RCS] T\u00e9l\u00e9phone : [Num\u00e9ro de t\u00e9l\u00e9phone] Email : [Adresse email] Site web : https:\/\/www.vtc2luxe.com Directeur de la publication : Lo\u00efc Massamba H\u00e9bergeur : [Nom de l&rsquo;h\u00e9bergeur] Si\u00e8ge de l&rsquo;h\u00e9bergeur : [Adresse de l&rsquo;h\u00e9bergeur] 1. Informations en mati\u00e8re de collecte de donn\u00e9es [&hellip;]","og_url":"https:\/\/driver-reservation.com\/en\/mentions-legales\/","og_site_name":"Driver Reservation","article_modified_time":"2024-06-04T14:58:35+00:00","twitter_card":"summary_large_image","twitter_misc":{"Estimated reading time":"3 minutes"},"schema":{"@context":"https:\/\/schema.org","@graph":[{"@type":"WebPage","@id":"https:\/\/driver-reservation.com\/mentions-legales\/","url":"https:\/\/driver-reservation.com\/mentions-legales\/","name":"Mentions L\u00e9gales - Driver Reservation","isPartOf":{"@id":"https:\/\/driver-reservation.com\/#website"},"datePublished":"2024-06-01T18:38:31+00:00","dateModified":"2024-06-04T14:58:35+00:00","breadcrumb":{"@id":"https:\/\/driver-reservation.com\/mentions-legales\/#breadcrumb"},"inLanguage":"en-GB","potentialAction":[{"@type":"ReadAction","target":["https:\/\/driver-reservation.com\/mentions-legales\/"]}]},{"@type":"BreadcrumbList","@id":"https:\/\/driver-reservation.com\/mentions-legales\/#breadcrumb","itemListElement":[{"@type":"ListItem","position":1,"name":"Accueil","item":"https:\/\/driver-reservation.com\/"},{"@type":"ListItem","position":2,"name":"Mentions L\u00e9gales"}]},{"@type":"WebSite","@id":"https:\/\/driver-reservation.com\/#website","url":"https:\/\/driver-reservation.com\/","name":"DRIVER RESERVATION","description":"Voyagez tranquillement","publisher":{"@id":"https:\/\/driver-reservation.com\/#organization"},"potentialAction":[{"@type":"SearchAction","target":{"@type":"EntryPoint","urlTemplate":"https:\/\/driver-reservation.com\/?s={search_term_string}"},"query-input":"required name=search_term_string"}],"inLanguage":"en-GB"},{"@type":"Organization","@id":"https:\/\/driver-reservation.com\/#organization","name":"DRIVER RESRVATION","url":"https:\/\/driver-reservation.com\/","logo":{"@type":"ImageObject","inLanguage":"en-GB","@id":"https:\/\/driver-reservation.com\/#\/schema\/logo\/image\/","url":"https:\/\/driver-reservation.com\/wp-content\/uploads\/2024\/06\/Fichier-18@4x.png","contentUrl":"https:\/\/driver-reservation.com\/wp-content\/uploads\/2024\/06\/Fichier-18@4x.png","width":1596,"height":903,"caption":"DRIVER RESRVATION"},"image":{"@id":"https:\/\/driver-reservation.com\/#\/schema\/logo\/image\/"}}]}},"_links":{"self":[{"href":"https:\/\/driver-reservation.com\/en\/wp-json\/wp\/v2\/pages\/80"}],"collection":[{"href":"https:\/\/driver-reservation.com\/en\/wp-json\/wp\/v2\/pages"}],"about":[{"href":"https:\/\/driver-reservation.com\/en\/wp-json\/wp\/v2\/types\/page"}],"author":[{"embeddable":true,"href":"https:\/\/driver-reservation.com\/en\/wp-json\/wp\/v2\/users\/1"}],"replies":[{"embeddable":true,"href":"https:\/\/driver-reservation.com\/en\/wp-json\/wp\/v2\/comments?post=80"}],"version-history":[{"count":12,"href":"https:\/\/driver-reservation.com\/en\/wp-json\/wp\/v2\/pages\/80\/revisions"}],"predecessor-version":[{"id":306,"href":"https:\/\/driver-reservation.com\/en\/wp-json\/wp\/v2\/pages\/80\/revisions\/306"}],"wp:attachment":[{"href":"https:\/\/driver-reservation.com\/en\/wp-json\/wp\/v2\/media?parent=80"}],"curies":[{"name":"wp","href":"https:\/\/api.w.org\/{rel}","templated":true}]}}